{"id":162,"date":"2024-01-10T11:43:02","date_gmt":"2024-01-10T10:43:02","guid":{"rendered":"https:\/\/helios-france.com\/?page_id=162"},"modified":"2025-11-19T10:28:30","modified_gmt":"2025-11-19T09:28:30","slug":"contact","status":"publish","type":"page","link":"https:\/\/fenetresdumont.fr\/index.php\/contact\/","title":{"rendered":"Contact"},"content":{"rendered":"\t\t<div data-elementor-type=\"wp-page\" data-elementor-id=\"162\" class=\"elementor elementor-162\" data-elementor-post-type=\"page\">\n\t\t\t\t<div class=\"elementor-element elementor-element-7249eec6 e-con-full e-flex e-con e-parent\" data-id=\"7249eec6\" data-element_type=\"container\" data-e-type=\"container\" data-settings=\"{&quot;background_background&quot;:&quot;classic&quot;}\">\n\t\t<div class=\"elementor-element elementor-element-40dc33d3 e-con-full e-flex e-con e-child\" data-id=\"40dc33d3\" data-element_type=\"container\" data-e-type=\"container\" data-settings=\"{&quot;background_background&quot;:&quot;classic&quot;}\">\n\t\t\t\t<\/div>\n\t\t<div class=\"elementor-element elementor-element-1e667d58 e-con-full e-flex e-con e-child\" data-id=\"1e667d58\" data-element_type=\"container\" data-e-type=\"container\" data-settings=\"{&quot;background_background&quot;:&quot;classic&quot;}\">\n\t\t\t\t<div class=\"elementor-element elementor-element-55a0bd88 elementor-widget elementor-widget-heading\" data-id=\"55a0bd88\" data-element_type=\"widget\" data-e-type=\"widget\" data-widget_type=\"heading.default\">\n\t\t\t\t<div class=\"elementor-widget-container\">\n\t\t\t\t\t<h1 class=\"elementor-heading-title elementor-size-default\">Contactez Fen\u00eatres du Mont<\/h1>\t\t\t\t<\/div>\n\t\t\t\t<\/div>\n\t\t\t\t<div class=\"elementor-element elementor-element-45fa23ab elementor-widget elementor-widget-heading\" data-id=\"45fa23ab\" data-element_type=\"widget\" data-e-type=\"widget\" data-widget_type=\"heading.default\">\n\t\t\t\t<div class=\"elementor-widget-container\">\n\t\t\t\t\t<p class=\"elementor-heading-title elementor-size-default\">Pour plus d'informations, pour planifier une consultation ou pour passer commande, notre \u00e9quipe d\u00e9di\u00e9e est pr\u00eate \u00e0 vous aider.<\/p>\t\t\t\t<\/div>\n\t\t\t\t<\/div>\n\t\t\t\t<div class=\"elementor-element elementor-element-1feb1201 elementor-button-align-start elementor-tablet-button-align-center elementor-widget elementor-widget-form\" data-id=\"1feb1201\" data-element_type=\"widget\" data-e-type=\"widget\" data-settings=\"{&quot;step_next_label&quot;:&quot;Suivant&quot;,&quot;step_previous_label&quot;:&quot;Pr\\u00e9c\\u00e9dent&quot;,&quot;button_width&quot;:&quot;100&quot;,&quot;step_type&quot;:&quot;number_text&quot;,&quot;step_icon_shape&quot;:&quot;circle&quot;}\" data-widget_type=\"form.default\">\n\t\t\t\t<div class=\"elementor-widget-container\">\n\t\t\t\t\t\t\t<form class=\"elementor-form\" method=\"post\" name=\"Demande Contact\" aria-label=\"Demande Contact\">\n\t\t\t<input type=\"hidden\" name=\"post_id\" value=\"162\"\/>\n\t\t\t<input type=\"hidden\" name=\"form_id\" value=\"1feb1201\"\/>\n\t\t\t<input type=\"hidden\" name=\"referer_title\" value=\"Contact - Fen&ecirc;tres du Mont\" \/>\n\n\t\t\t\t\t\t\t<input type=\"hidden\" name=\"queried_id\" value=\"162\"\/>\n\t\t\t\n\t\t\t<div class=\"elementor-form-fields-wrapper elementor-labels-\">\n\t\t\t\t\t\t\t\t<div class=\"elementor-field-type-text elementor-field-group elementor-column elementor-field-group-name elementor-col-50 elementor-field-required\">\n\t\t\t\t\t\t\t\t\t\t\t\t<label for=\"form-field-name\" class=\"elementor-field-label elementor-screen-only\">\n\t\t\t\t\t\t\t\tVotre nom\t\t\t\t\t\t\t<\/label>\n\t\t\t\t\t\t\t\t\t\t\t\t\t\t<input size=\"1\" type=\"text\" name=\"form_fields[name]\" id=\"form-field-name\" class=\"elementor-field elementor-size-sm  elementor-field-textual\" placeholder=\"Votre nom*\" required=\"required\">\n\t\t\t\t\t\t\t\t\t\t\t<\/div>\n\t\t\t\t\t\t\t\t<div class=\"elementor-field-type-text elementor-field-group elementor-column elementor-field-group-field_b743cd7 elementor-col-50 elementor-field-required\">\n\t\t\t\t\t\t\t\t\t\t\t\t<label for=\"form-field-field_b743cd7\" class=\"elementor-field-label elementor-screen-only\">\n\t\t\t\t\t\t\t\tVotre pr\u00e9nom\t\t\t\t\t\t\t<\/label>\n\t\t\t\t\t\t\t\t\t\t\t\t\t\t<input size=\"1\" type=\"text\" name=\"form_fields[field_b743cd7]\" id=\"form-field-field_b743cd7\" class=\"elementor-field elementor-size-sm  elementor-field-textual\" placeholder=\"Votre pr\u00e9nom*\" required=\"required\">\n\t\t\t\t\t\t\t\t\t\t\t<\/div>\n\t\t\t\t\t\t\t\t<div class=\"elementor-field-type-tel elementor-field-group elementor-column elementor-field-group-field_6c180a9 elementor-col-50 elementor-field-required\">\n\t\t\t\t\t\t\t\t\t\t\t\t<label for=\"form-field-field_6c180a9\" class=\"elementor-field-label elementor-screen-only\">\n\t\t\t\t\t\t\t\tT\u00e9l\u00e9phone\t\t\t\t\t\t\t<\/label>\n\t\t\t\t\t\t\t\t<input size=\"1\" type=\"tel\" name=\"form_fields[field_6c180a9]\" id=\"form-field-field_6c180a9\" class=\"elementor-field elementor-size-sm  elementor-field-textual\" placeholder=\"T\u00e9l\u00e9phone*\" required=\"required\" pattern=\"[0-9()#&amp;+*-=.]+\" title=\"Seuls les caract\u00e8res de num\u00e9ros de t\u00e9l\u00e9phone (#, -, *, etc.) sont accept\u00e9s.\">\n\n\t\t\t\t\t\t<\/div>\n\t\t\t\t\t\t\t\t<div class=\"elementor-field-type-email elementor-field-group elementor-column elementor-field-group-email elementor-col-50 elementor-field-required\">\n\t\t\t\t\t\t\t\t\t\t\t\t<label for=\"form-field-email\" class=\"elementor-field-label elementor-screen-only\">\n\t\t\t\t\t\t\t\tEmail\t\t\t\t\t\t\t<\/label>\n\t\t\t\t\t\t\t\t\t\t\t\t\t\t<input size=\"1\" type=\"email\" name=\"form_fields[email]\" id=\"form-field-email\" class=\"elementor-field elementor-size-sm  elementor-field-textual\" placeholder=\"Email*\" required=\"required\">\n\t\t\t\t\t\t\t\t\t\t\t<\/div>\n\t\t\t\t\t\t\t\t<div class=\"elementor-field-type-textarea elementor-field-group elementor-column elementor-field-group-message elementor-col-100\">\n\t\t\t\t\t\t\t\t\t\t\t\t<label for=\"form-field-message\" class=\"elementor-field-label elementor-screen-only\">\n\t\t\t\t\t\t\t\tMessage\t\t\t\t\t\t\t<\/label>\n\t\t\t\t\t\t<textarea class=\"elementor-field-textual elementor-field  elementor-size-sm\" name=\"form_fields[message]\" id=\"form-field-message\" rows=\"4\" placeholder=\"Message\"><\/textarea>\t\t\t\t<\/div>\n\t\t\t\t\t\t\t\t<div class=\"elementor-field-group elementor-column elementor-field-type-submit elementor-col-100 e-form__buttons\">\n\t\t\t\t\t<button class=\"elementor-button elementor-size-sm\" type=\"submit\">\n\t\t\t\t\t\t<span class=\"elementor-button-content-wrapper\">\n\t\t\t\t\t\t\t\t\t\t\t\t\t\t\t\t\t\t\t\t\t\t<span class=\"elementor-button-text\">Envoyer<\/span>\n\t\t\t\t\t\t\t\t\t\t\t\t\t<\/span>\n\t\t\t\t\t<\/button>\n\t\t\t\t<\/div>\n\t\t\t<\/div>\n\t\t<\/form>\n\t\t\t\t\t\t<\/div>\n\t\t\t\t<\/div>\n\t\t\t\t<div class=\"elementor-element elementor-element-83e526f elementor-widget elementor-widget-heading\" data-id=\"83e526f\" data-element_type=\"widget\" data-e-type=\"widget\" data-widget_type=\"heading.default\">\n\t\t\t\t<div class=\"elementor-widget-container\">\n\t\t\t\t\t<p class=\"elementor-heading-title elementor-size-default\">Siege social : Mieussy, 74440<\/p>\t\t\t\t<\/div>\n\t\t\t\t<\/div>\n\t\t\t\t<\/div>\n\t\t\t\t<\/div>\n\t\t\t\t<\/div>\n\t\t","protected":false},"excerpt":{"rendered":"<p>Contactez Fen\u00eatres du Mont Pour plus d&rsquo;informations, pour planifier une consultation ou pour passer commande, notre \u00e9quipe d\u00e9di\u00e9e est pr\u00eate \u00e0 vous aider. Siege social : Mieussy, 74440<\/p>\n","protected":false},"author":1,"featured_media":102,"parent":0,"menu_order":0,"comment_status":"closed","ping_status":"closed","template":"page-templates\/template-pagebuilder-full-width.php","meta":{"neve_meta_sidebar":"","neve_meta_container":"","neve_meta_enable_content_width":"","neve_meta_content_width":0,"neve_meta_title_alignment":"","neve_meta_author_avatar":"","neve_post_elements_order":"","neve_meta_disable_header":"","neve_meta_disable_footer":"","neve_meta_disable_title":"","footnotes":""},"class_list":["post-162","page","type-page","status-publish","has-post-thumbnail","hentry"],"yoast_head":"<!-- This site is optimized with the Yoast SEO plugin v27.3 - https:\/\/yoast.com\/product\/yoast-seo-wordpress\/ -->\n<title>Contact - Fen&ecirc;tres du Mont<\/title>\n<meta name=\"description\" content=\"Pour plus d&#039;informations, pour planifier une consultation ou pour passer commande, notre \u00e9quipe d\u00e9di\u00e9e est pr\u00eate \u00e0 vous aider.\" \/>\n<meta name=\"robots\" content=\"index, follow, max-snippet:-1, max-image-preview:large, max-video-preview:-1\" \/>\n<link rel=\"canonical\" href=\"https:\/\/fenetresdumont.fr\/index.php\/contact\/\" \/>\n<meta property=\"og:locale\" content=\"fr_FR\" \/>\n<meta property=\"og:type\" content=\"article\" \/>\n<meta property=\"og:title\" content=\"Contact - Fen&ecirc;tres du Mont\" \/>\n<meta property=\"og:description\" content=\"Pour plus d&#039;informations, pour planifier une consultation ou pour passer commande, notre \u00e9quipe d\u00e9di\u00e9e est pr\u00eate \u00e0 vous aider.\" \/>\n<meta property=\"og:url\" content=\"https:\/\/fenetresdumont.fr\/index.php\/contact\/\" \/>\n<meta property=\"og:site_name\" content=\"Fen&ecirc;tres du Mont\" \/>\n<meta property=\"article:modified_time\" content=\"2025-11-19T09:28:30+00:00\" \/>\n<meta property=\"og:image\" content=\"https:\/\/fenetresdumont.fr\/wp-content\/uploads\/2024\/01\/mobile-communication-concept-unshaven-man-makes-call-me-gesture-talks-imaginary-cellular-has-friendly-positive-expression-wears-transparent-glasses-pink-jumper-isolated-yellow-wall-1.jpg\" \/>\n\t<meta property=\"og:image:width\" content=\"1\" \/>\n\t<meta property=\"og:image:height\" content=\"1\" \/>\n\t<meta property=\"og:image:type\" content=\"image\/jpeg\" \/>\n<meta name=\"twitter:card\" content=\"summary_large_image\" \/>\n<meta name=\"twitter:label1\" content=\"Dur\u00e9e de lecture estim\u00e9e\" \/>\n\t<meta name=\"twitter:data1\" content=\"1 minute\" \/>\n<script type=\"application\/ld+json\" class=\"yoast-schema-graph\">{\"@context\":\"https:\\\/\\\/schema.org\",\"@graph\":[{\"@type\":\"WebPage\",\"@id\":\"https:\\\/\\\/fenetresdumont.fr\\\/index.php\\\/contact\\\/\",\"url\":\"https:\\\/\\\/fenetresdumont.fr\\\/index.php\\\/contact\\\/\",\"name\":\"Contact - Fen&ecirc;tres du Mont\",\"isPartOf\":{\"@id\":\"https:\\\/\\\/fenetresdumont.fr\\\/#website\"},\"primaryImageOfPage\":{\"@id\":\"https:\\\/\\\/fenetresdumont.fr\\\/index.php\\\/contact\\\/#primaryimage\"},\"image\":{\"@id\":\"https:\\\/\\\/fenetresdumont.fr\\\/index.php\\\/contact\\\/#primaryimage\"},\"thumbnailUrl\":\"https:\\\/\\\/fenetresdumont.fr\\\/wp-content\\\/uploads\\\/2024\\\/01\\\/mobile-communication-concept-unshaven-man-makes-call-me-gesture-talks-imaginary-cellular-has-friendly-positive-expression-wears-transparent-glasses-pink-jumper-isolated-yellow-wall-1.jpg\",\"datePublished\":\"2024-01-10T10:43:02+00:00\",\"dateModified\":\"2025-11-19T09:28:30+00:00\",\"description\":\"Pour plus d'informations, pour planifier une consultation ou pour passer commande, notre \u00e9quipe d\u00e9di\u00e9e est pr\u00eate \u00e0 vous aider.\",\"breadcrumb\":{\"@id\":\"https:\\\/\\\/fenetresdumont.fr\\\/index.php\\\/contact\\\/#breadcrumb\"},\"inLanguage\":\"fr-FR\",\"potentialAction\":[{\"@type\":\"ReadAction\",\"target\":[\"https:\\\/\\\/fenetresdumont.fr\\\/index.php\\\/contact\\\/\"]}]},{\"@type\":\"ImageObject\",\"inLanguage\":\"fr-FR\",\"@id\":\"https:\\\/\\\/fenetresdumont.fr\\\/index.php\\\/contact\\\/#primaryimage\",\"url\":\"https:\\\/\\\/fenetresdumont.fr\\\/wp-content\\\/uploads\\\/2024\\\/01\\\/mobile-communication-concept-unshaven-man-makes-call-me-gesture-talks-imaginary-cellular-has-friendly-positive-expression-wears-transparent-glasses-pink-jumper-isolated-yellow-wall-1.jpg\",\"contentUrl\":\"https:\\\/\\\/fenetresdumont.fr\\\/wp-content\\\/uploads\\\/2024\\\/01\\\/mobile-communication-concept-unshaven-man-makes-call-me-gesture-talks-imaginary-cellular-has-friendly-positive-expression-wears-transparent-glasses-pink-jumper-isolated-yellow-wall-1.jpg\",\"caption\":\"Mobile communication concept. Unshaven man makes call me gesture, talks on imaginary cellular, has friendly positive expression, wears transparent glasses and pink jumper, isolated on yellow wall\"},{\"@type\":\"BreadcrumbList\",\"@id\":\"https:\\\/\\\/fenetresdumont.fr\\\/index.php\\\/contact\\\/#breadcrumb\",\"itemListElement\":[{\"@type\":\"ListItem\",\"position\":1,\"name\":\"Accueil\",\"item\":\"https:\\\/\\\/fenetresdumont.fr\\\/\"},{\"@type\":\"ListItem\",\"position\":2,\"name\":\"Contact\"}]},{\"@type\":\"WebSite\",\"@id\":\"https:\\\/\\\/fenetresdumont.fr\\\/#website\",\"url\":\"https:\\\/\\\/fenetresdumont.fr\\\/\",\"name\":\"Fen&ecirc;tres du Mont\",\"description\":\"\",\"potentialAction\":[{\"@type\":\"SearchAction\",\"target\":{\"@type\":\"EntryPoint\",\"urlTemplate\":\"https:\\\/\\\/fenetresdumont.fr\\\/?s={search_term_string}\"},\"query-input\":{\"@type\":\"PropertyValueSpecification\",\"valueRequired\":true,\"valueName\":\"search_term_string\"}}],\"inLanguage\":\"fr-FR\"}]}<\/script>\n<!-- \/ Yoast SEO plugin. -->","yoast_head_json":{"title":"Contact - Fen&ecirc;tres du Mont","description":"Pour plus d'informations, pour planifier une consultation ou pour passer commande, notre \u00e9quipe d\u00e9di\u00e9e est pr\u00eate \u00e0 vous aider.","robots":{"index":"index","follow":"follow","max-snippet":"max-snippet:-1","max-image-preview":"max-image-preview:large","max-video-preview":"max-video-preview:-1"},"canonical":"https:\/\/fenetresdumont.fr\/index.php\/contact\/","og_locale":"fr_FR","og_type":"article","og_title":"Contact - Fen&ecirc;tres du Mont","og_description":"Pour plus d'informations, pour planifier une consultation ou pour passer commande, notre \u00e9quipe d\u00e9di\u00e9e est pr\u00eate \u00e0 vous aider.","og_url":"https:\/\/fenetresdumont.fr\/index.php\/contact\/","og_site_name":"Fen&ecirc;tres du Mont","article_modified_time":"2025-11-19T09:28:30+00:00","og_image":[{"url":"https:\/\/fenetresdumont.fr\/wp-content\/uploads\/2024\/01\/mobile-communication-concept-unshaven-man-makes-call-me-gesture-talks-imaginary-cellular-has-friendly-positive-expression-wears-transparent-glasses-pink-jumper-isolated-yellow-wall-1.jpg","width":1,"height":1,"type":"image\/jpeg"}],"twitter_card":"summary_large_image","twitter_misc":{"Dur\u00e9e de lecture estim\u00e9e":"1 minute"},"schema":{"@context":"https:\/\/schema.org","@graph":[{"@type":"WebPage","@id":"https:\/\/fenetresdumont.fr\/index.php\/contact\/","url":"https:\/\/fenetresdumont.fr\/index.php\/contact\/","name":"Contact - Fen&ecirc;tres du Mont","isPartOf":{"@id":"https:\/\/fenetresdumont.fr\/#website"},"primaryImageOfPage":{"@id":"https:\/\/fenetresdumont.fr\/index.php\/contact\/#primaryimage"},"image":{"@id":"https:\/\/fenetresdumont.fr\/index.php\/contact\/#primaryimage"},"thumbnailUrl":"https:\/\/fenetresdumont.fr\/wp-content\/uploads\/2024\/01\/mobile-communication-concept-unshaven-man-makes-call-me-gesture-talks-imaginary-cellular-has-friendly-positive-expression-wears-transparent-glasses-pink-jumper-isolated-yellow-wall-1.jpg","datePublished":"2024-01-10T10:43:02+00:00","dateModified":"2025-11-19T09:28:30+00:00","description":"Pour plus d'informations, pour planifier une consultation ou pour passer commande, notre \u00e9quipe d\u00e9di\u00e9e est pr\u00eate \u00e0 vous aider.","breadcrumb":{"@id":"https:\/\/fenetresdumont.fr\/index.php\/contact\/#breadcrumb"},"inLanguage":"fr-FR","potentialAction":[{"@type":"ReadAction","target":["https:\/\/fenetresdumont.fr\/index.php\/contact\/"]}]},{"@type":"ImageObject","inLanguage":"fr-FR","@id":"https:\/\/fenetresdumont.fr\/index.php\/contact\/#primaryimage","url":"https:\/\/fenetresdumont.fr\/wp-content\/uploads\/2024\/01\/mobile-communication-concept-unshaven-man-makes-call-me-gesture-talks-imaginary-cellular-has-friendly-positive-expression-wears-transparent-glasses-pink-jumper-isolated-yellow-wall-1.jpg","contentUrl":"https:\/\/fenetresdumont.fr\/wp-content\/uploads\/2024\/01\/mobile-communication-concept-unshaven-man-makes-call-me-gesture-talks-imaginary-cellular-has-friendly-positive-expression-wears-transparent-glasses-pink-jumper-isolated-yellow-wall-1.jpg","caption":"Mobile communication concept. Unshaven man makes call me gesture, talks on imaginary cellular, has friendly positive expression, wears transparent glasses and pink jumper, isolated on yellow wall"},{"@type":"BreadcrumbList","@id":"https:\/\/fenetresdumont.fr\/index.php\/contact\/#breadcrumb","itemListElement":[{"@type":"ListItem","position":1,"name":"Accueil","item":"https:\/\/fenetresdumont.fr\/"},{"@type":"ListItem","position":2,"name":"Contact"}]},{"@type":"WebSite","@id":"https:\/\/fenetresdumont.fr\/#website","url":"https:\/\/fenetresdumont.fr\/","name":"Fen&ecirc;tres du Mont","description":"","potentialAction":[{"@type":"SearchAction","target":{"@type":"EntryPoint","urlTemplate":"https:\/\/fenetresdumont.fr\/?s={search_term_string}"},"query-input":{"@type":"PropertyValueSpecification","valueRequired":true,"valueName":"search_term_string"}}],"inLanguage":"fr-FR"}]}},"_links":{"self":[{"href":"https:\/\/fenetresdumont.fr\/index.php\/wp-json\/wp\/v2\/pages\/162","targetHints":{"allow":["GET"]}}],"collection":[{"href":"https:\/\/fenetresdumont.fr\/index.php\/wp-json\/wp\/v2\/pages"}],"about":[{"href":"https:\/\/fenetresdumont.fr\/index.php\/wp-json\/wp\/v2\/types\/page"}],"author":[{"embeddable":true,"href":"https:\/\/fenetresdumont.fr\/index.php\/wp-json\/wp\/v2\/users\/1"}],"replies":[{"embeddable":true,"href":"https:\/\/fenetresdumont.fr\/index.php\/wp-json\/wp\/v2\/comments?post=162"}],"version-history":[{"count":58,"href":"https:\/\/fenetresdumont.fr\/index.php\/wp-json\/wp\/v2\/pages\/162\/revisions"}],"predecessor-version":[{"id":1501,"href":"https:\/\/fenetresdumont.fr\/index.php\/wp-json\/wp\/v2\/pages\/162\/revisions\/1501"}],"wp:featuredmedia":[{"embeddable":true,"href":"https:\/\/fenetresdumont.fr\/index.php\/wp-json\/wp\/v2\/media\/102"}],"wp:attachment":[{"href":"https:\/\/fenetresdumont.fr\/index.php\/wp-json\/wp\/v2\/media?parent=162"}],"curies":[{"name":"wp","href":"https:\/\/api.w.org\/{rel}","templated":true}]}}