{"id":317,"date":"2024-01-30T11:41:38","date_gmt":"2024-01-30T10:41:38","guid":{"rendered":"https:\/\/helios-france.com\/?page_id=317"},"modified":"2024-03-15T20:50:16","modified_gmt":"2024-03-15T19:50:16","slug":"produits","status":"publish","type":"page","link":"https:\/\/fenetresdumont.fr\/index.php\/produits\/","title":{"rendered":"Nos produits"},"content":{"rendered":"\t\t<div data-elementor-type=\"wp-page\" data-elementor-id=\"317\" class=\"elementor elementor-317\" data-elementor-post-type=\"page\">\n\t\t\t\t<div class=\"elementor-element elementor-element-511eba1 e-con-full e-flex e-con e-parent\" data-id=\"511eba1\" data-element_type=\"container\" data-e-type=\"container\" data-settings=\"{&quot;background_background&quot;:&quot;classic&quot;}\">\n\t\t\t\t<div class=\"elementor-element elementor-element-7c8665d elementor-cta--skin-cover elementor-cta--valign-bottom elementor-widget__width-initial elementor-invisible elementor-widget elementor-widget-call-to-action\" data-id=\"7c8665d\" data-element_type=\"widget\" data-e-type=\"widget\" data-settings=\"{&quot;_animation&quot;:&quot;fadeInUp&quot;}\" data-widget_type=\"call-to-action.default\">\n\t\t\t\t<div class=\"elementor-widget-container\">\n\t\t\t\t\t\t\t<div class=\"elementor-cta\">\n\t\t\t\t\t<div class=\"elementor-cta__bg-wrapper\">\n\t\t\t\t<div class=\"elementor-cta__bg elementor-bg\" style=\"background-image: url(https:\/\/fenetresdumont.fr\/wp-content\/uploads\/2024\/01\/Capture-decran-2024-01-09-a-11.52.59.png);\" role=\"img\" aria-label=\"Capture d\u2019e\u0301cran 2024-01-09 a\u0300 11.52.59\"><\/div>\n\t\t\t\t<div class=\"elementor-cta__bg-overlay\"><\/div>\n\t\t\t<\/div>\n\t\t\t\t\t\t\t<div class=\"elementor-cta__content\">\n\t\t\t\t\n\t\t\t\t\t\t\t\t\t<span class=\"elementor-cta__title elementor-cta__content-item elementor-content-item\">\n\t\t\t\t\t\tPortes<br>fen\u00eatres\t\t\t\t\t<\/span>\n\t\t\t\t\n\t\t\t\t\t\t\t\t\t<div class=\"elementor-cta__description elementor-cta__content-item elementor-content-item\">\n\t\t\t\t\t\tPVC, ALU, BOIS\t\t\t\t\t<\/div>\n\t\t\t\t\n\t\t\t\t\t\t\t<\/div>\n\t\t\t\t\t\t<\/div>\n\t\t\t\t\t\t<\/div>\n\t\t\t\t<\/div>\n\t\t\t\t<div class=\"elementor-element elementor-element-f1c203b elementor-cta--skin-cover elementor-cta--valign-bottom elementor-widget__width-initial elementor-invisible elementor-widget elementor-widget-call-to-action\" data-id=\"f1c203b\" data-element_type=\"widget\" data-e-type=\"widget\" data-settings=\"{&quot;_animation&quot;:&quot;fadeInUp&quot;,&quot;_animation_delay&quot;:&quot;100&quot;}\" data-widget_type=\"call-to-action.default\">\n\t\t\t\t<div class=\"elementor-widget-container\">\n\t\t\t\t\t\t\t<div class=\"elementor-cta\">\n\t\t\t\t\t<div class=\"elementor-cta__bg-wrapper\">\n\t\t\t\t<div class=\"elementor-cta__bg elementor-bg\" style=\"background-image: url(https:\/\/fenetresdumont.fr\/wp-content\/uploads\/2024\/01\/Capture-decran-2024-01-09-a-11.55.38.png);\" role=\"img\" aria-label=\"Capture d\u2019e\u0301cran 2024-01-09 a\u0300 11.55.38\"><\/div>\n\t\t\t\t<div class=\"elementor-cta__bg-overlay\"><\/div>\n\t\t\t<\/div>\n\t\t\t\t\t\t\t<div class=\"elementor-cta__content\">\n\t\t\t\t\n\t\t\t\t\t\t\t\t\t<span class=\"elementor-cta__title elementor-cta__content-item elementor-content-item\">\n\t\t\t\t\t\tPortes\t\t\t\t\t<\/span>\n\t\t\t\t\n\t\t\t\t\t\t\t\t\t<div class=\"elementor-cta__description elementor-cta__content-item elementor-content-item\">\n\t\t\t\t\t\tPVC, ALU, BOIS\t\t\t\t\t<\/div>\n\t\t\t\t\n\t\t\t\t\t\t\t<\/div>\n\t\t\t\t\t\t<\/div>\n\t\t\t\t\t\t<\/div>\n\t\t\t\t<\/div>\n\t\t\t\t<div class=\"elementor-element elementor-element-16bd4d3 elementor-cta--skin-cover elementor-cta--valign-bottom elementor-widget__width-initial elementor-invisible elementor-widget elementor-widget-call-to-action\" data-id=\"16bd4d3\" data-element_type=\"widget\" data-e-type=\"widget\" data-settings=\"{&quot;_animation&quot;:&quot;fadeInUp&quot;,&quot;_animation_delay&quot;:&quot;200&quot;}\" data-widget_type=\"call-to-action.default\">\n\t\t\t\t<div class=\"elementor-widget-container\">\n\t\t\t\t\t\t\t<div class=\"elementor-cta\">\n\t\t\t\t\t<div class=\"elementor-cta__bg-wrapper\">\n\t\t\t\t<div class=\"elementor-cta__bg elementor-bg\" style=\"background-image: url(https:\/\/fenetresdumont.fr\/wp-content\/uploads\/2024\/01\/clean-modern-aluminium-windows-with-double-glazing-wooden-wall-generative-ai-1-scaled.jpg);\" role=\"img\" aria-label=\"clean modern aluminium windows with double glazing on wooden wall, generative ai\"><\/div>\n\t\t\t\t<div class=\"elementor-cta__bg-overlay\"><\/div>\n\t\t\t<\/div>\n\t\t\t\t\t\t\t<div class=\"elementor-cta__content\">\n\t\t\t\t\n\t\t\t\t\t\t\t\t\t<span class=\"elementor-cta__title elementor-cta__content-item elementor-content-item\">\n\t\t\t\t\t\tFen\u00eatres\t\t\t\t\t<\/span>\n\t\t\t\t\n\t\t\t\t\t\t\t\t\t<div class=\"elementor-cta__description elementor-cta__content-item elementor-content-item\">\n\t\t\t\t\t\tPVC, ALU, BOIS\t\t\t\t\t<\/div>\n\t\t\t\t\n\t\t\t\t\t\t\t<\/div>\n\t\t\t\t\t\t<\/div>\n\t\t\t\t\t\t<\/div>\n\t\t\t\t<\/div>\n\t\t\t\t<div class=\"elementor-element elementor-element-b0847ea elementor-cta--skin-cover elementor-cta--valign-bottom elementor-widget__width-initial elementor-invisible elementor-widget elementor-widget-call-to-action\" data-id=\"b0847ea\" data-element_type=\"widget\" data-e-type=\"widget\" data-settings=\"{&quot;_animation&quot;:&quot;fadeInUp&quot;,&quot;_animation_delay&quot;:&quot;300&quot;}\" data-widget_type=\"call-to-action.default\">\n\t\t\t\t<div class=\"elementor-widget-container\">\n\t\t\t\t\t\t\t<div class=\"elementor-cta\">\n\t\t\t\t\t<div class=\"elementor-cta__bg-wrapper\">\n\t\t\t\t<div class=\"elementor-cta__bg elementor-bg\" style=\"background-image: url(https:\/\/fenetresdumont.fr\/wp-content\/uploads\/2024\/01\/volets-roulants-03-bandeau-e1706535356230.jpg);\" role=\"img\" aria-label=\"volets-roulants-03-bandeau\"><\/div>\n\t\t\t\t<div class=\"elementor-cta__bg-overlay\"><\/div>\n\t\t\t<\/div>\n\t\t\t\t\t\t\t<div class=\"elementor-cta__content\">\n\t\t\t\t\n\t\t\t\t\t\t\t\t\t<span class=\"elementor-cta__title elementor-cta__content-item elementor-content-item\">\n\t\t\t\t\t\tVolets<br>Roulants\t\t\t\t\t<\/span>\n\t\t\t\t\n\t\t\t\t\t\t\t\t\t<div class=\"elementor-cta__description elementor-cta__content-item elementor-content-item\">\n\t\t\t\t\t\tRenovation, MonoBloc, Traditionel\t\t\t\t\t<\/div>\n\t\t\t\t\n\t\t\t\t\t\t\t<\/div>\n\t\t\t\t\t\t<\/div>\n\t\t\t\t\t\t<\/div>\n\t\t\t\t<\/div>\n\t\t\t\t<div class=\"elementor-element elementor-element-243f2b0 elementor-cta--skin-cover elementor-cta--valign-bottom elementor-widget__width-initial elementor-invisible elementor-widget elementor-widget-call-to-action\" data-id=\"243f2b0\" data-element_type=\"widget\" data-e-type=\"widget\" data-settings=\"{&quot;_animation&quot;:&quot;fadeInUp&quot;,&quot;_animation_delay&quot;:&quot;400&quot;}\" data-widget_type=\"call-to-action.default\">\n\t\t\t\t<div class=\"elementor-widget-container\">\n\t\t\t\t\t\t\t<div class=\"elementor-cta\">\n\t\t\t\t\t<div class=\"elementor-cta__bg-wrapper\">\n\t\t\t\t<div class=\"elementor-cta__bg elementor-bg\" style=\"background-image: url(https:\/\/fenetresdumont.fr\/wp-content\/uploads\/2024\/01\/wide-garage-double-door-concrete-driveway-new-modern-american-house-scaled.jpg);\" role=\"img\" aria-label=\"Wide garage double door and concrete driveway of new modern american house.\"><\/div>\n\t\t\t\t<div class=\"elementor-cta__bg-overlay\"><\/div>\n\t\t\t<\/div>\n\t\t\t\t\t\t\t<div class=\"elementor-cta__content\">\n\t\t\t\t\n\t\t\t\t\t\t\t\t\t<span class=\"elementor-cta__title elementor-cta__content-item elementor-content-item\">\n\t\t\t\t\t\tPortes<br>Garages\t\t\t\t\t<\/span>\n\t\t\t\t\n\t\t\t\t\t\t\t\t\t<div class=\"elementor-cta__description elementor-cta__content-item elementor-content-item\">\n\t\t\t\t\t\tSectionnelle, Volet Roulant\t\t\t\t\t<\/div>\n\t\t\t\t\n\t\t\t\t\t\t\t<\/div>\n\t\t\t\t\t\t<\/div>\n\t\t\t\t\t\t<\/div>\n\t\t\t\t<\/div>\n\t\t\t\t<div class=\"elementor-element elementor-element-2f0e8d7 elementor-cta--skin-cover elementor-cta--valign-bottom elementor-widget__width-initial elementor-invisible elementor-widget elementor-widget-call-to-action\" data-id=\"2f0e8d7\" data-element_type=\"widget\" data-e-type=\"widget\" data-settings=\"{&quot;_animation&quot;:&quot;fadeInUp&quot;,&quot;_animation_delay&quot;:&quot;500&quot;}\" data-widget_type=\"call-to-action.default\">\n\t\t\t\t<div class=\"elementor-widget-container\">\n\t\t\t\t\t\t\t<div class=\"elementor-cta\">\n\t\t\t\t\t<div class=\"elementor-cta__bg-wrapper\">\n\t\t\t\t<div class=\"elementor-cta__bg elementor-bg\" style=\"background-image: url(https:\/\/fenetresdumont.fr\/wp-content\/uploads\/2024\/01\/mobile-communication-concept-unshaven-man-makes-call-me-gesture-talks-imaginary-cellular-has-friendly-positive-expression-wears-transparent-glasses-pink-jumper-isolated-yellow-wall-1.jpg);\" role=\"img\" aria-label=\"Mobile communication concept. Unshaven man makes call me gesture, talks on imaginary cellular, has friendly positive expression, wears transparent glasses and pink jumper, isolated on yellow wall\"><\/div>\n\t\t\t\t<div class=\"elementor-cta__bg-overlay\"><\/div>\n\t\t\t<\/div>\n\t\t\t\t\t\t\t<div class=\"elementor-cta__content\">\n\t\t\t\t\n\t\t\t\t\t\t\t\t\t<span class=\"elementor-cta__title elementor-cta__content-item elementor-content-item\">\n\t\t\t\t\t\tNous<br>contacter\t\t\t\t\t<\/span>\n\t\t\t\t\n\t\t\t\t\t\t\t\t\t<div class=\"elementor-cta__description elementor-cta__content-item elementor-content-item\">\n\t\t\t\t\t\tDevis gratuit\t\t\t\t\t<\/div>\n\t\t\t\t\n\t\t\t\t\t\t\t<\/div>\n\t\t\t\t\t\t<\/div>\n\t\t\t\t\t\t<\/div>\n\t\t\t\t<\/div>\n\t\t\t\t<\/div>\n\t\t<div class=\"elementor-element elementor-element-0521d52 e-flex e-con-boxed e-con e-parent\" data-id=\"0521d52\" data-element_type=\"container\" data-e-type=\"container\" data-settings=\"{&quot;background_background&quot;:&quot;classic&quot;}\">\n\t\t\t\t\t<div class=\"e-con-inner\">\n\t\t<div class=\"elementor-element elementor-element-a4e099f e-con-full e-flex e-con e-child\" data-id=\"a4e099f\" data-element_type=\"container\" data-e-type=\"container\">\n\t\t\t\t<div class=\"elementor-element elementor-element-43d1a1c elementor-widget elementor-widget-heading\" data-id=\"43d1a1c\" data-element_type=\"widget\" data-e-type=\"widget\" data-widget_type=\"heading.default\">\n\t\t\t\t<div class=\"elementor-widget-container\">\n\t\t\t\t\t<h2 class=\"elementor-heading-title elementor-size-default\">Promotion menuiseries PVC<\/h2>\t\t\t\t<\/div>\n\t\t\t\t<\/div>\n\t\t\t\t<div class=\"elementor-element elementor-element-85d5dac elementor-widget elementor-widget-heading\" data-id=\"85d5dac\" data-element_type=\"widget\" data-e-type=\"widget\" data-widget_type=\"heading.default\">\n\t\t\t\t<div class=\"elementor-widget-container\">\n\t\t\t\t\t<h2 class=\"elementor-heading-title elementor-size-default\">-50%<\/h2>\t\t\t\t<\/div>\n\t\t\t\t<\/div>\n\t\t\t\t<div class=\"elementor-element elementor-element-7bc9877 elementor-widget elementor-widget-text-editor\" data-id=\"7bc9877\" data-element_type=\"widget\" data-e-type=\"widget\" data-widget_type=\"text-editor.default\">\n\t\t\t\t<div class=\"elementor-widget-container\">\n\t\t\t\t\t\t\t\t\t<p>Les menuiseries Helios sont fabriquer pour r\u00e9sister au temps. Ceci est possible gr\u00e2ce \u00e0 l\u2019attention que nous accordons \u00e0 chaque d\u00e9tail pour chacun de nos produits et gr\u00e2ce \u00e0 la s\u00e9lection tr\u00e8s minutieuse des mat\u00e9riaux avec lesquels nous travaillons. Nous vous offrons, donc, une garantie de 10 ans pour chacun de nos produits.<\/p>\t\t\t\t\t\t\t\t<\/div>\n\t\t\t\t<\/div>\n\t\t\t\t<div class=\"elementor-element elementor-element-1ab1b7c elementor-tablet-button-align-stretch elementor-button-align-stretch elementor-widget elementor-widget-form\" data-id=\"1ab1b7c\" data-element_type=\"widget\" data-e-type=\"widget\" data-settings=\"{&quot;step_next_label&quot;:&quot;Suivant&quot;,&quot;step_previous_label&quot;:&quot;Pr\\u00e9c\\u00e9dent&quot;,&quot;button_width&quot;:&quot;30&quot;,&quot;button_width_tablet&quot;:&quot;33&quot;,&quot;step_type&quot;:&quot;number_text&quot;,&quot;step_icon_shape&quot;:&quot;circle&quot;}\" data-widget_type=\"form.default\">\n\t\t\t\t<div class=\"elementor-widget-container\">\n\t\t\t\t\t\t\t<form class=\"elementor-form\" method=\"post\" name=\"Contact Form\" aria-label=\"Contact Form\">\n\t\t\t<input type=\"hidden\" name=\"post_id\" value=\"317\"\/>\n\t\t\t<input type=\"hidden\" name=\"form_id\" value=\"1ab1b7c\"\/>\n\t\t\t<input type=\"hidden\" name=\"referer_title\" value=\"Nos produits - Fen&ecirc;tres du Mont\" \/>\n\n\t\t\t\t\t\t\t<input type=\"hidden\" name=\"queried_id\" value=\"317\"\/>\n\t\t\t\n\t\t\t<div class=\"elementor-form-fields-wrapper elementor-labels-\">\n\t\t\t\t\t\t\t\t<div class=\"elementor-field-type-text elementor-field-group elementor-column elementor-field-group-name elementor-col-33 elementor-field-required\">\n\t\t\t\t\t\t\t\t\t\t\t\t<label for=\"form-field-name\" class=\"elementor-field-label elementor-screen-only\">\n\t\t\t\t\t\t\t\tNom Pr\u00e9nom\t\t\t\t\t\t\t<\/label>\n\t\t\t\t\t\t\t\t\t\t\t\t\t\t<input size=\"1\" type=\"text\" name=\"form_fields[name]\" id=\"form-field-name\" class=\"elementor-field elementor-size-md  elementor-field-textual\" placeholder=\"Nom Pr\u00e9nom*\" required=\"required\">\n\t\t\t\t\t\t\t\t\t\t\t<\/div>\n\t\t\t\t\t\t\t\t<div class=\"elementor-field-type-email elementor-field-group elementor-column elementor-field-group-email elementor-col-33 elementor-field-required\">\n\t\t\t\t\t\t\t\t\t\t\t\t<label for=\"form-field-email\" class=\"elementor-field-label elementor-screen-only\">\n\t\t\t\t\t\t\t\tEmail\t\t\t\t\t\t\t<\/label>\n\t\t\t\t\t\t\t\t\t\t\t\t\t\t<input size=\"1\" type=\"email\" name=\"form_fields[email]\" id=\"form-field-email\" class=\"elementor-field elementor-size-md  elementor-field-textual\" placeholder=\"Email*\" required=\"required\">\n\t\t\t\t\t\t\t\t\t\t\t<\/div>\n\t\t\t\t\t\t\t\t<div class=\"elementor-field-type-text elementor-field-group elementor-column elementor-field-group-field_255eb8a elementor-col-100 elementor-field-required\">\n\t\t\t\t\t\t\t\t\t\t\t\t<label for=\"form-field-field_255eb8a\" class=\"elementor-field-label elementor-screen-only\">\n\t\t\t\t\t\t\t\tTexte\t\t\t\t\t\t\t<\/label>\n\t\t\t\t\t\t\t\t\t\t\t\t\t\t<input size=\"1\" type=\"text\" name=\"form_fields[field_255eb8a]\" id=\"form-field-field_255eb8a\" class=\"elementor-field elementor-size-md  elementor-field-textual\" placeholder=\"Texte*\" required=\"required\">\n\t\t\t\t\t\t\t\t\t\t\t<\/div>\n\t\t\t\t\t\t\t\t<div class=\"elementor-field-group elementor-column elementor-field-type-submit elementor-col-30 e-form__buttons elementor-md-33\">\n\t\t\t\t\t<button class=\"elementor-button elementor-size-md\" type=\"submit\">\n\t\t\t\t\t\t<span class=\"elementor-button-content-wrapper\">\n\t\t\t\t\t\t\t\t\t\t\t\t\t\t\t\t\t\t\t\t\t\t<span class=\"elementor-button-text\">Envoyer<\/span>\n\t\t\t\t\t\t\t\t\t\t\t\t\t<\/span>\n\t\t\t\t\t<\/button>\n\t\t\t\t<\/div>\n\t\t\t<\/div>\n\t\t<\/form>\n\t\t\t\t\t\t<\/div>\n\t\t\t\t<\/div>\n\t\t\t\t<\/div>\n\t\t<div class=\"elementor-element elementor-element-0b243ed e-con-full e-flex e-con e-child\" data-id=\"0b243ed\" data-element_type=\"container\" data-e-type=\"container\">\n\t\t\t\t<div class=\"elementor-element elementor-element-76e218c elementor-invisible elementor-widget elementor-widget-image\" data-id=\"76e218c\" data-element_type=\"widget\" data-e-type=\"widget\" data-settings=\"{&quot;_animation&quot;:&quot;fadeInRight&quot;}\" data-widget_type=\"image.default\">\n\t\t\t\t<div class=\"elementor-widget-container\">\n\t\t\t\t\t\t\t\t\t\t\t\t\t\t\t<img fetchpriority=\"high\" decoding=\"async\" width=\"1024\" height=\"900\" src=\"https:\/\/fenetresdumont.fr\/wp-content\/uploads\/2024\/01\/Capture-decran-2024-01-09-a-11.52.59-1024x900.png\" class=\"attachment-large size-large wp-image-44\" alt=\"\" srcset=\"https:\/\/fenetresdumont.fr\/wp-content\/uploads\/2024\/01\/Capture-decran-2024-01-09-a-11.52.59-1024x900.png 1024w, https:\/\/fenetresdumont.fr\/wp-content\/uploads\/2024\/01\/Capture-decran-2024-01-09-a-11.52.59-300x264.png 300w, https:\/\/fenetresdumont.fr\/wp-content\/uploads\/2024\/01\/Capture-decran-2024-01-09-a-11.52.59-768x675.png 768w, https:\/\/fenetresdumont.fr\/wp-content\/uploads\/2024\/01\/Capture-decran-2024-01-09-a-11.52.59.png 1336w\" sizes=\"(max-width: 1024px) 100vw, 1024px\" \/>\t\t\t\t\t\t\t\t\t\t\t\t\t\t\t<\/div>\n\t\t\t\t<\/div>\n\t\t\t\t<\/div>\n\t\t\t\t\t<\/div>\n\t\t\t\t<\/div>\n\t\t\t\t<\/div>\n\t\t","protected":false},"excerpt":{"rendered":"<p>Portesfen\u00eatres PVC, ALU, BOIS Portes PVC, ALU, BOIS Fen\u00eatres PVC, ALU, BOIS VoletsRoulants Renovation, MonoBloc, Traditionel PortesGarages Sectionnelle, Volet Roulant Nouscontacter Devis gratuit Promotion menuiseries PVC -50% Les menuiseries Helios sont fabriquer pour r\u00e9sister au temps. Ceci est possible gr\u00e2ce \u00e0 l\u2019attention que nous accordons \u00e0 chaque d\u00e9tail pour chacun de nos produits et gr\u00e2ce&hellip;&nbsp;<\/p>\n","protected":false},"author":1,"featured_media":95,"parent":0,"menu_order":0,"comment_status":"closed","ping_status":"closed","template":"page-templates\/template-pagebuilder-full-width.php","meta":{"neve_meta_sidebar":"","neve_meta_container":"","neve_meta_enable_content_width":"","neve_meta_content_width":0,"neve_meta_title_alignment":"","neve_meta_author_avatar":"","neve_post_elements_order":"","neve_meta_disable_header":"","neve_meta_disable_footer":"","neve_meta_disable_title":"","footnotes":""},"class_list":["post-317","page","type-page","status-publish","has-post-thumbnail","hentry"],"yoast_head":"<!-- This site is optimized with the Yoast SEO plugin v27.3 - https:\/\/yoast.com\/product\/yoast-seo-wordpress\/ -->\n<title>Nos produits - Fen&ecirc;tres du Mont<\/title>\n<meta name=\"description\" content=\"Fen\u00eatres, Portes-Fen\u00eatres, Portes, Volets Roulants, et Portes de Garage en PVC, ALU et BOIS. Qualit\u00e9 et design sur-mesure.\" \/>\n<meta name=\"robots\" content=\"index, follow, max-snippet:-1, max-image-preview:large, max-video-preview:-1\" \/>\n<link rel=\"canonical\" href=\"https:\/\/fenetresdumont.fr\/index.php\/produits\/\" \/>\n<meta property=\"og:locale\" content=\"fr_FR\" \/>\n<meta property=\"og:type\" content=\"article\" \/>\n<meta property=\"og:title\" content=\"Nos produits - Fen&ecirc;tres du Mont\" \/>\n<meta property=\"og:description\" content=\"Fen\u00eatres, Portes-Fen\u00eatres, Portes, Volets Roulants, et Portes de Garage en PVC, ALU et BOIS. Qualit\u00e9 et design sur-mesure.\" \/>\n<meta property=\"og:url\" content=\"https:\/\/fenetresdumont.fr\/index.php\/produits\/\" \/>\n<meta property=\"og:site_name\" content=\"Fen&ecirc;tres du Mont\" \/>\n<meta property=\"article:modified_time\" content=\"2024-03-15T19:50:16+00:00\" \/>\n<meta property=\"og:image\" content=\"https:\/\/fenetresdumont.fr\/wp-content\/uploads\/2024\/01\/volets-roulants-03-bandeau-e1706535356230.jpg\" \/>\n\t<meta property=\"og:image:width\" content=\"1236\" \/>\n\t<meta property=\"og:image:height\" content=\"896\" \/>\n\t<meta property=\"og:image:type\" content=\"image\/jpeg\" \/>\n<meta name=\"twitter:card\" content=\"summary_large_image\" \/>\n<meta name=\"twitter:label1\" content=\"Dur\u00e9e de lecture estim\u00e9e\" \/>\n\t<meta name=\"twitter:data1\" content=\"1 minute\" \/>\n<script type=\"application\/ld+json\" class=\"yoast-schema-graph\">{\"@context\":\"https:\\\/\\\/schema.org\",\"@graph\":[{\"@type\":\"WebPage\",\"@id\":\"https:\\\/\\\/fenetresdumont.fr\\\/index.php\\\/produits\\\/\",\"url\":\"https:\\\/\\\/fenetresdumont.fr\\\/index.php\\\/produits\\\/\",\"name\":\"Nos produits - Fen&ecirc;tres du Mont\",\"isPartOf\":{\"@id\":\"https:\\\/\\\/fenetresdumont.fr\\\/#website\"},\"primaryImageOfPage\":{\"@id\":\"https:\\\/\\\/fenetresdumont.fr\\\/index.php\\\/produits\\\/#primaryimage\"},\"image\":{\"@id\":\"https:\\\/\\\/fenetresdumont.fr\\\/index.php\\\/produits\\\/#primaryimage\"},\"thumbnailUrl\":\"https:\\\/\\\/fenetresdumont.fr\\\/wp-content\\\/uploads\\\/2024\\\/01\\\/volets-roulants-03-bandeau-e1706535356230.jpg\",\"datePublished\":\"2024-01-30T10:41:38+00:00\",\"dateModified\":\"2024-03-15T19:50:16+00:00\",\"description\":\"Fen\u00eatres, Portes-Fen\u00eatres, Portes, Volets Roulants, et Portes de Garage en PVC, ALU et BOIS. Qualit\u00e9 et design sur-mesure.\",\"breadcrumb\":{\"@id\":\"https:\\\/\\\/fenetresdumont.fr\\\/index.php\\\/produits\\\/#breadcrumb\"},\"inLanguage\":\"fr-FR\",\"potentialAction\":[{\"@type\":\"ReadAction\",\"target\":[\"https:\\\/\\\/fenetresdumont.fr\\\/index.php\\\/produits\\\/\"]}]},{\"@type\":\"ImageObject\",\"inLanguage\":\"fr-FR\",\"@id\":\"https:\\\/\\\/fenetresdumont.fr\\\/index.php\\\/produits\\\/#primaryimage\",\"url\":\"https:\\\/\\\/fenetresdumont.fr\\\/wp-content\\\/uploads\\\/2024\\\/01\\\/volets-roulants-03-bandeau-e1706535356230.jpg\",\"contentUrl\":\"https:\\\/\\\/fenetresdumont.fr\\\/wp-content\\\/uploads\\\/2024\\\/01\\\/volets-roulants-03-bandeau-e1706535356230.jpg\",\"width\":1236,\"height\":896},{\"@type\":\"BreadcrumbList\",\"@id\":\"https:\\\/\\\/fenetresdumont.fr\\\/index.php\\\/produits\\\/#breadcrumb\",\"itemListElement\":[{\"@type\":\"ListItem\",\"position\":1,\"name\":\"Accueil\",\"item\":\"https:\\\/\\\/fenetresdumont.fr\\\/\"},{\"@type\":\"ListItem\",\"position\":2,\"name\":\"Nos produits\"}]},{\"@type\":\"WebSite\",\"@id\":\"https:\\\/\\\/fenetresdumont.fr\\\/#website\",\"url\":\"https:\\\/\\\/fenetresdumont.fr\\\/\",\"name\":\"Fen&ecirc;tres du Mont\",\"description\":\"\",\"potentialAction\":[{\"@type\":\"SearchAction\",\"target\":{\"@type\":\"EntryPoint\",\"urlTemplate\":\"https:\\\/\\\/fenetresdumont.fr\\\/?s={search_term_string}\"},\"query-input\":{\"@type\":\"PropertyValueSpecification\",\"valueRequired\":true,\"valueName\":\"search_term_string\"}}],\"inLanguage\":\"fr-FR\"}]}<\/script>\n<!-- \/ Yoast SEO plugin. -->","yoast_head_json":{"title":"Nos produits - Fen&ecirc;tres du Mont","description":"Fen\u00eatres, Portes-Fen\u00eatres, Portes, Volets Roulants, et Portes de Garage en PVC, ALU et BOIS. Qualit\u00e9 et design sur-mesure.","robots":{"index":"index","follow":"follow","max-snippet":"max-snippet:-1","max-image-preview":"max-image-preview:large","max-video-preview":"max-video-preview:-1"},"canonical":"https:\/\/fenetresdumont.fr\/index.php\/produits\/","og_locale":"fr_FR","og_type":"article","og_title":"Nos produits - Fen&ecirc;tres du Mont","og_description":"Fen\u00eatres, Portes-Fen\u00eatres, Portes, Volets Roulants, et Portes de Garage en PVC, ALU et BOIS. Qualit\u00e9 et design sur-mesure.","og_url":"https:\/\/fenetresdumont.fr\/index.php\/produits\/","og_site_name":"Fen&ecirc;tres du Mont","article_modified_time":"2024-03-15T19:50:16+00:00","og_image":[{"width":1236,"height":896,"url":"https:\/\/fenetresdumont.fr\/wp-content\/uploads\/2024\/01\/volets-roulants-03-bandeau-e1706535356230.jpg","type":"image\/jpeg"}],"twitter_card":"summary_large_image","twitter_misc":{"Dur\u00e9e de lecture estim\u00e9e":"1 minute"},"schema":{"@context":"https:\/\/schema.org","@graph":[{"@type":"WebPage","@id":"https:\/\/fenetresdumont.fr\/index.php\/produits\/","url":"https:\/\/fenetresdumont.fr\/index.php\/produits\/","name":"Nos produits - Fen&ecirc;tres du Mont","isPartOf":{"@id":"https:\/\/fenetresdumont.fr\/#website"},"primaryImageOfPage":{"@id":"https:\/\/fenetresdumont.fr\/index.php\/produits\/#primaryimage"},"image":{"@id":"https:\/\/fenetresdumont.fr\/index.php\/produits\/#primaryimage"},"thumbnailUrl":"https:\/\/fenetresdumont.fr\/wp-content\/uploads\/2024\/01\/volets-roulants-03-bandeau-e1706535356230.jpg","datePublished":"2024-01-30T10:41:38+00:00","dateModified":"2024-03-15T19:50:16+00:00","description":"Fen\u00eatres, Portes-Fen\u00eatres, Portes, Volets Roulants, et Portes de Garage en PVC, ALU et BOIS. Qualit\u00e9 et design sur-mesure.","breadcrumb":{"@id":"https:\/\/fenetresdumont.fr\/index.php\/produits\/#breadcrumb"},"inLanguage":"fr-FR","potentialAction":[{"@type":"ReadAction","target":["https:\/\/fenetresdumont.fr\/index.php\/produits\/"]}]},{"@type":"ImageObject","inLanguage":"fr-FR","@id":"https:\/\/fenetresdumont.fr\/index.php\/produits\/#primaryimage","url":"https:\/\/fenetresdumont.fr\/wp-content\/uploads\/2024\/01\/volets-roulants-03-bandeau-e1706535356230.jpg","contentUrl":"https:\/\/fenetresdumont.fr\/wp-content\/uploads\/2024\/01\/volets-roulants-03-bandeau-e1706535356230.jpg","width":1236,"height":896},{"@type":"BreadcrumbList","@id":"https:\/\/fenetresdumont.fr\/index.php\/produits\/#breadcrumb","itemListElement":[{"@type":"ListItem","position":1,"name":"Accueil","item":"https:\/\/fenetresdumont.fr\/"},{"@type":"ListItem","position":2,"name":"Nos produits"}]},{"@type":"WebSite","@id":"https:\/\/fenetresdumont.fr\/#website","url":"https:\/\/fenetresdumont.fr\/","name":"Fen&ecirc;tres du Mont","description":"","potentialAction":[{"@type":"SearchAction","target":{"@type":"EntryPoint","urlTemplate":"https:\/\/fenetresdumont.fr\/?s={search_term_string}"},"query-input":{"@type":"PropertyValueSpecification","valueRequired":true,"valueName":"search_term_string"}}],"inLanguage":"fr-FR"}]}},"_links":{"self":[{"href":"https:\/\/fenetresdumont.fr\/index.php\/wp-json\/wp\/v2\/pages\/317","targetHints":{"allow":["GET"]}}],"collection":[{"href":"https:\/\/fenetresdumont.fr\/index.php\/wp-json\/wp\/v2\/pages"}],"about":[{"href":"https:\/\/fenetresdumont.fr\/index.php\/wp-json\/wp\/v2\/types\/page"}],"author":[{"embeddable":true,"href":"https:\/\/fenetresdumont.fr\/index.php\/wp-json\/wp\/v2\/users\/1"}],"replies":[{"embeddable":true,"href":"https:\/\/fenetresdumont.fr\/index.php\/wp-json\/wp\/v2\/comments?post=317"}],"version-history":[{"count":14,"href":"https:\/\/fenetresdumont.fr\/index.php\/wp-json\/wp\/v2\/pages\/317\/revisions"}],"predecessor-version":[{"id":1304,"href":"https:\/\/fenetresdumont.fr\/index.php\/wp-json\/wp\/v2\/pages\/317\/revisions\/1304"}],"wp:featuredmedia":[{"embeddable":true,"href":"https:\/\/fenetresdumont.fr\/index.php\/wp-json\/wp\/v2\/media\/95"}],"wp:attachment":[{"href":"https:\/\/fenetresdumont.fr\/index.php\/wp-json\/wp\/v2\/media?parent=317"}],"curies":[{"name":"wp","href":"https:\/\/api.w.org\/{rel}","templated":true}]}}