{"id":697,"date":"2024-02-05T12:29:09","date_gmt":"2024-02-05T11:29:09","guid":{"rendered":"https:\/\/helios-france.com\/?page_id=697"},"modified":"2024-02-05T12:33:33","modified_gmt":"2024-02-05T11:33:33","slug":"fenetres-bois","status":"publish","type":"page","link":"https:\/\/fenetresdumont.fr\/index.php\/fenetres-bois\/","title":{"rendered":"Fen\u00eatres BOIS"},"content":{"rendered":"\t\t<div data-elementor-type=\"wp-page\" data-elementor-id=\"697\" class=\"elementor elementor-697\" data-elementor-post-type=\"page\">\n\t\t\t\t<div class=\"elementor-element elementor-element-4055f89 e-con-full e-flex e-con e-parent\" data-id=\"4055f89\" data-element_type=\"container\" data-e-type=\"container\" data-settings=\"{&quot;background_background&quot;:&quot;classic&quot;}\">\n\t\t<div class=\"elementor-element elementor-element-16c40e8 e-con-full e-flex e-con e-child\" data-id=\"16c40e8\" data-element_type=\"container\" data-e-type=\"container\">\n\t\t\t\t<div class=\"elementor-element elementor-element-e33fe5c elementor-widget elementor-widget-heading\" data-id=\"e33fe5c\" data-element_type=\"widget\" data-e-type=\"widget\" data-widget_type=\"heading.default\">\n\t\t\t\t<div class=\"elementor-widget-container\">\n\t\t\t\t\t<h1 class=\"elementor-heading-title elementor-size-default\">Les fen\u00eatres BOIS\nsont disponibles uniquement sur devis.<\/h1>\t\t\t\t<\/div>\n\t\t\t\t<\/div>\n\t\t\t\t<div class=\"elementor-element elementor-element-e332003 elementor-button-align-start elementor-tablet-button-align-center elementor-widget elementor-widget-form\" data-id=\"e332003\" data-element_type=\"widget\" data-e-type=\"widget\" data-settings=\"{&quot;step_next_label&quot;:&quot;Suivant&quot;,&quot;step_previous_label&quot;:&quot;Pr\\u00e9c\\u00e9dent&quot;,&quot;button_width&quot;:&quot;100&quot;,&quot;step_type&quot;:&quot;number_text&quot;,&quot;step_icon_shape&quot;:&quot;circle&quot;}\" data-widget_type=\"form.default\">\n\t\t\t\t<div class=\"elementor-widget-container\">\n\t\t\t\t\t\t\t<form class=\"elementor-form\" method=\"post\" name=\"Contact\" aria-label=\"Contact\">\n\t\t\t<input type=\"hidden\" name=\"post_id\" value=\"697\"\/>\n\t\t\t<input type=\"hidden\" name=\"form_id\" value=\"e332003\"\/>\n\t\t\t<input type=\"hidden\" name=\"referer_title\" value=\"Fen\u00eatres BOIS - Fen&ecirc;tres du Mont\" \/>\n\n\t\t\t\t\t\t\t<input type=\"hidden\" name=\"queried_id\" value=\"697\"\/>\n\t\t\t\n\t\t\t<div class=\"elementor-form-fields-wrapper elementor-labels-\">\n\t\t\t\t\t\t\t\t<div class=\"elementor-field-type-text elementor-field-group elementor-column elementor-field-group-name elementor-col-50 elementor-field-required\">\n\t\t\t\t\t\t\t\t\t\t\t\t<label for=\"form-field-name\" class=\"elementor-field-label elementor-screen-only\">\n\t\t\t\t\t\t\t\tVotre nom\t\t\t\t\t\t\t<\/label>\n\t\t\t\t\t\t\t\t\t\t\t\t\t\t<input size=\"1\" type=\"text\" name=\"form_fields[name]\" id=\"form-field-name\" class=\"elementor-field elementor-size-sm  elementor-field-textual\" placeholder=\"Votre nom*\" required=\"required\">\n\t\t\t\t\t\t\t\t\t\t\t<\/div>\n\t\t\t\t\t\t\t\t<div class=\"elementor-field-type-text elementor-field-group elementor-column elementor-field-group-field_b743cd7 elementor-col-50 elementor-field-required\">\n\t\t\t\t\t\t\t\t\t\t\t\t<label for=\"form-field-field_b743cd7\" class=\"elementor-field-label elementor-screen-only\">\n\t\t\t\t\t\t\t\tVotre pr\u00e9nom\t\t\t\t\t\t\t<\/label>\n\t\t\t\t\t\t\t\t\t\t\t\t\t\t<input size=\"1\" type=\"text\" name=\"form_fields[field_b743cd7]\" id=\"form-field-field_b743cd7\" class=\"elementor-field elementor-size-sm  elementor-field-textual\" placeholder=\"Votre pr\u00e9nom*\" required=\"required\">\n\t\t\t\t\t\t\t\t\t\t\t<\/div>\n\t\t\t\t\t\t\t\t<div class=\"elementor-field-type-tel elementor-field-group elementor-column elementor-field-group-field_6c180a9 elementor-col-50 elementor-field-required\">\n\t\t\t\t\t\t\t\t\t\t\t\t<label for=\"form-field-field_6c180a9\" class=\"elementor-field-label elementor-screen-only\">\n\t\t\t\t\t\t\t\tT\u00e9l\u00e9phone\t\t\t\t\t\t\t<\/label>\n\t\t\t\t\t\t\t\t<input size=\"1\" type=\"tel\" name=\"form_fields[field_6c180a9]\" id=\"form-field-field_6c180a9\" class=\"elementor-field elementor-size-sm  elementor-field-textual\" placeholder=\"T\u00e9l\u00e9phone*\" required=\"required\" pattern=\"[0-9()#&amp;+*-=.]+\" title=\"Seuls les caract\u00e8res de num\u00e9ros de t\u00e9l\u00e9phone (#, -, *, etc.) sont accept\u00e9s.\">\n\n\t\t\t\t\t\t<\/div>\n\t\t\t\t\t\t\t\t<div class=\"elementor-field-type-email elementor-field-group elementor-column elementor-field-group-email elementor-col-50 elementor-field-required\">\n\t\t\t\t\t\t\t\t\t\t\t\t<label for=\"form-field-email\" class=\"elementor-field-label elementor-screen-only\">\n\t\t\t\t\t\t\t\tEmail\t\t\t\t\t\t\t<\/label>\n\t\t\t\t\t\t\t\t\t\t\t\t\t\t<input size=\"1\" type=\"email\" name=\"form_fields[email]\" id=\"form-field-email\" class=\"elementor-field elementor-size-sm  elementor-field-textual\" placeholder=\"Email*\" required=\"required\">\n\t\t\t\t\t\t\t\t\t\t\t<\/div>\n\t\t\t\t\t\t\t\t<div class=\"elementor-field-type-textarea elementor-field-group elementor-column elementor-field-group-message elementor-col-100\">\n\t\t\t\t\t\t\t\t\t\t\t\t<label for=\"form-field-message\" class=\"elementor-field-label elementor-screen-only\">\n\t\t\t\t\t\t\t\tMessage\t\t\t\t\t\t\t<\/label>\n\t\t\t\t\t\t<textarea class=\"elementor-field-textual elementor-field  elementor-size-sm\" name=\"form_fields[message]\" id=\"form-field-message\" rows=\"4\" placeholder=\"Message\"><\/textarea>\t\t\t\t<\/div>\n\t\t\t\t\t\t\t\t<div class=\"elementor-field-group elementor-column elementor-field-type-submit elementor-col-100 e-form__buttons\">\n\t\t\t\t\t<button class=\"elementor-button elementor-size-sm\" type=\"submit\">\n\t\t\t\t\t\t<span class=\"elementor-button-content-wrapper\">\n\t\t\t\t\t\t\t\t\t\t\t\t\t\t\t\t\t\t\t\t\t\t<span class=\"elementor-button-text\">Envoyer<\/span>\n\t\t\t\t\t\t\t\t\t\t\t\t\t<\/span>\n\t\t\t\t\t<\/button>\n\t\t\t\t<\/div>\n\t\t\t<\/div>\n\t\t<\/form>\n\t\t\t\t\t\t<\/div>\n\t\t\t\t<\/div>\n\t\t\t\t<div class=\"elementor-element elementor-element-9bfefcc elementor-widget elementor-widget-heading\" data-id=\"9bfefcc\" data-element_type=\"widget\" data-e-type=\"widget\" data-widget_type=\"heading.default\">\n\t\t\t\t<div class=\"elementor-widget-container\">\n\t\t\t\t\t<p class=\"elementor-heading-title elementor-size-default\">Siege social : RD 307, ZA de la Briqueterie 78810 FEUCHEROLLES<\/p>\t\t\t\t<\/div>\n\t\t\t\t<\/div>\n\t\t\t\t<div class=\"elementor-element elementor-element-55836a5 elementor-widget elementor-widget-heading\" data-id=\"55836a5\" data-element_type=\"widget\" data-e-type=\"widget\" data-widget_type=\"heading.default\">\n\t\t\t\t<div class=\"elementor-widget-container\">\n\t\t\t\t\t<p class=\"elementor-heading-title elementor-size-default\">Entrepot: 126 chemin de la Cav\u00e9e 78630 ORGEVAL<\/p>\t\t\t\t<\/div>\n\t\t\t\t<\/div>\n\t\t\t\t<\/div>\n\t\t\t\t<\/div>\n\t\t\t\t<\/div>\n\t\t","protected":false},"excerpt":{"rendered":"<p>Les fen\u00eatres BOIS sont disponibles uniquement sur devis. Siege social : RD 307, ZA de la Briqueterie 78810 FEUCHEROLLES Entrepot: 126 chemin de la Cav\u00e9e 78630 ORGEVAL<\/p>\n","protected":false},"author":1,"featured_media":698,"parent":0,"menu_order":0,"comment_status":"closed","ping_status":"closed","template":"page-templates\/template-pagebuilder-full-width.php","meta":{"neve_meta_sidebar":"","neve_meta_container":"","neve_meta_enable_content_width":"","neve_meta_content_width":0,"neve_meta_title_alignment":"","neve_meta_author_avatar":"","neve_post_elements_order":"","neve_meta_disable_header":"","neve_meta_disable_footer":"","neve_meta_disable_title":"","footnotes":""},"class_list":["post-697","page","type-page","status-publish","has-post-thumbnail","hentry"],"yoast_head":"<!-- This site is optimized with the Yoast SEO plugin v27.3 - https:\/\/yoast.com\/product\/yoast-seo-wordpress\/ -->\n<title>Fen\u00eatres BOIS - Fen&ecirc;tres du Mont<\/title>\n<meta name=\"description\" content=\"Fen\u00eatres Bois - Chaleur et authenticit\u00e9, avec une isolation naturelle.\" \/>\n<meta name=\"robots\" content=\"index, follow, max-snippet:-1, max-image-preview:large, max-video-preview:-1\" \/>\n<link rel=\"canonical\" href=\"https:\/\/fenetresdumont.fr\/index.php\/fenetres-bois\/\" \/>\n<meta property=\"og:locale\" content=\"fr_FR\" \/>\n<meta property=\"og:type\" content=\"article\" \/>\n<meta property=\"og:title\" content=\"Fen\u00eatres BOIS - Fen&ecirc;tres du Mont\" \/>\n<meta property=\"og:description\" content=\"Fen\u00eatres Bois - Chaleur et authenticit\u00e9, avec une isolation naturelle.\" \/>\n<meta property=\"og:url\" content=\"https:\/\/fenetresdumont.fr\/index.php\/fenetres-bois\/\" \/>\n<meta property=\"og:site_name\" content=\"Fen&ecirc;tres du Mont\" \/>\n<meta property=\"article:modified_time\" content=\"2024-02-05T11:33:33+00:00\" \/>\n<meta property=\"og:image\" content=\"https:\/\/fenetresdumont.fr\/wp-content\/uploads\/2024\/02\/closed-window-beautiful-picture-outside-nature-view-resort-resting-scaled.jpg\" \/>\n\t<meta property=\"og:image:width\" content=\"2560\" \/>\n\t<meta property=\"og:image:height\" content=\"1707\" \/>\n\t<meta property=\"og:image:type\" content=\"image\/jpeg\" \/>\n<meta name=\"twitter:card\" content=\"summary_large_image\" \/>\n<meta name=\"twitter:label1\" content=\"Dur\u00e9e de lecture estim\u00e9e\" \/>\n\t<meta name=\"twitter:data1\" content=\"1 minute\" \/>\n<script type=\"application\/ld+json\" class=\"yoast-schema-graph\">{\"@context\":\"https:\\\/\\\/schema.org\",\"@graph\":[{\"@type\":\"WebPage\",\"@id\":\"https:\\\/\\\/fenetresdumont.fr\\\/index.php\\\/fenetres-bois\\\/\",\"url\":\"https:\\\/\\\/fenetresdumont.fr\\\/index.php\\\/fenetres-bois\\\/\",\"name\":\"Fen\u00eatres BOIS - Fen&ecirc;tres du Mont\",\"isPartOf\":{\"@id\":\"https:\\\/\\\/fenetresdumont.fr\\\/#website\"},\"primaryImageOfPage\":{\"@id\":\"https:\\\/\\\/fenetresdumont.fr\\\/index.php\\\/fenetres-bois\\\/#primaryimage\"},\"image\":{\"@id\":\"https:\\\/\\\/fenetresdumont.fr\\\/index.php\\\/fenetres-bois\\\/#primaryimage\"},\"thumbnailUrl\":\"https:\\\/\\\/fenetresdumont.fr\\\/wp-content\\\/uploads\\\/2024\\\/02\\\/closed-window-beautiful-picture-outside-nature-view-resort-resting-scaled.jpg\",\"datePublished\":\"2024-02-05T11:29:09+00:00\",\"dateModified\":\"2024-02-05T11:33:33+00:00\",\"description\":\"Fen\u00eatres Bois - Chaleur et authenticit\u00e9, avec une isolation naturelle.\",\"breadcrumb\":{\"@id\":\"https:\\\/\\\/fenetresdumont.fr\\\/index.php\\\/fenetres-bois\\\/#breadcrumb\"},\"inLanguage\":\"fr-FR\",\"potentialAction\":[{\"@type\":\"ReadAction\",\"target\":[\"https:\\\/\\\/fenetresdumont.fr\\\/index.php\\\/fenetres-bois\\\/\"]}]},{\"@type\":\"ImageObject\",\"inLanguage\":\"fr-FR\",\"@id\":\"https:\\\/\\\/fenetresdumont.fr\\\/index.php\\\/fenetres-bois\\\/#primaryimage\",\"url\":\"https:\\\/\\\/fenetresdumont.fr\\\/wp-content\\\/uploads\\\/2024\\\/02\\\/closed-window-beautiful-picture-outside-nature-view-resort-resting-scaled.jpg\",\"contentUrl\":\"https:\\\/\\\/fenetresdumont.fr\\\/wp-content\\\/uploads\\\/2024\\\/02\\\/closed-window-beautiful-picture-outside-nature-view-resort-resting-scaled.jpg\",\"width\":2560,\"height\":1707,\"caption\":\"Closed window and beautiful picture outside, nature view, resort and resting. Sunny summers or spring day with green grass, sea or ocean, bright and vibrant colors. Tourism, hotels or home mood.\"},{\"@type\":\"BreadcrumbList\",\"@id\":\"https:\\\/\\\/fenetresdumont.fr\\\/index.php\\\/fenetres-bois\\\/#breadcrumb\",\"itemListElement\":[{\"@type\":\"ListItem\",\"position\":1,\"name\":\"Accueil\",\"item\":\"https:\\\/\\\/fenetresdumont.fr\\\/\"},{\"@type\":\"ListItem\",\"position\":2,\"name\":\"Fen\u00eatres BOIS\"}]},{\"@type\":\"WebSite\",\"@id\":\"https:\\\/\\\/fenetresdumont.fr\\\/#website\",\"url\":\"https:\\\/\\\/fenetresdumont.fr\\\/\",\"name\":\"Fen&ecirc;tres du Mont\",\"description\":\"\",\"potentialAction\":[{\"@type\":\"SearchAction\",\"target\":{\"@type\":\"EntryPoint\",\"urlTemplate\":\"https:\\\/\\\/fenetresdumont.fr\\\/?s={search_term_string}\"},\"query-input\":{\"@type\":\"PropertyValueSpecification\",\"valueRequired\":true,\"valueName\":\"search_term_string\"}}],\"inLanguage\":\"fr-FR\"}]}<\/script>\n<!-- \/ Yoast SEO plugin. -->","yoast_head_json":{"title":"Fen\u00eatres BOIS - Fen&ecirc;tres du Mont","description":"Fen\u00eatres Bois - Chaleur et authenticit\u00e9, avec une isolation naturelle.","robots":{"index":"index","follow":"follow","max-snippet":"max-snippet:-1","max-image-preview":"max-image-preview:large","max-video-preview":"max-video-preview:-1"},"canonical":"https:\/\/fenetresdumont.fr\/index.php\/fenetres-bois\/","og_locale":"fr_FR","og_type":"article","og_title":"Fen\u00eatres BOIS - Fen&ecirc;tres du Mont","og_description":"Fen\u00eatres Bois - Chaleur et authenticit\u00e9, avec une isolation naturelle.","og_url":"https:\/\/fenetresdumont.fr\/index.php\/fenetres-bois\/","og_site_name":"Fen&ecirc;tres du Mont","article_modified_time":"2024-02-05T11:33:33+00:00","og_image":[{"width":2560,"height":1707,"url":"https:\/\/fenetresdumont.fr\/wp-content\/uploads\/2024\/02\/closed-window-beautiful-picture-outside-nature-view-resort-resting-scaled.jpg","type":"image\/jpeg"}],"twitter_card":"summary_large_image","twitter_misc":{"Dur\u00e9e de lecture estim\u00e9e":"1 minute"},"schema":{"@context":"https:\/\/schema.org","@graph":[{"@type":"WebPage","@id":"https:\/\/fenetresdumont.fr\/index.php\/fenetres-bois\/","url":"https:\/\/fenetresdumont.fr\/index.php\/fenetres-bois\/","name":"Fen\u00eatres BOIS - Fen&ecirc;tres du Mont","isPartOf":{"@id":"https:\/\/fenetresdumont.fr\/#website"},"primaryImageOfPage":{"@id":"https:\/\/fenetresdumont.fr\/index.php\/fenetres-bois\/#primaryimage"},"image":{"@id":"https:\/\/fenetresdumont.fr\/index.php\/fenetres-bois\/#primaryimage"},"thumbnailUrl":"https:\/\/fenetresdumont.fr\/wp-content\/uploads\/2024\/02\/closed-window-beautiful-picture-outside-nature-view-resort-resting-scaled.jpg","datePublished":"2024-02-05T11:29:09+00:00","dateModified":"2024-02-05T11:33:33+00:00","description":"Fen\u00eatres Bois - Chaleur et authenticit\u00e9, avec une isolation naturelle.","breadcrumb":{"@id":"https:\/\/fenetresdumont.fr\/index.php\/fenetres-bois\/#breadcrumb"},"inLanguage":"fr-FR","potentialAction":[{"@type":"ReadAction","target":["https:\/\/fenetresdumont.fr\/index.php\/fenetres-bois\/"]}]},{"@type":"ImageObject","inLanguage":"fr-FR","@id":"https:\/\/fenetresdumont.fr\/index.php\/fenetres-bois\/#primaryimage","url":"https:\/\/fenetresdumont.fr\/wp-content\/uploads\/2024\/02\/closed-window-beautiful-picture-outside-nature-view-resort-resting-scaled.jpg","contentUrl":"https:\/\/fenetresdumont.fr\/wp-content\/uploads\/2024\/02\/closed-window-beautiful-picture-outside-nature-view-resort-resting-scaled.jpg","width":2560,"height":1707,"caption":"Closed window and beautiful picture outside, nature view, resort and resting. Sunny summers or spring day with green grass, sea or ocean, bright and vibrant colors. Tourism, hotels or home mood."},{"@type":"BreadcrumbList","@id":"https:\/\/fenetresdumont.fr\/index.php\/fenetres-bois\/#breadcrumb","itemListElement":[{"@type":"ListItem","position":1,"name":"Accueil","item":"https:\/\/fenetresdumont.fr\/"},{"@type":"ListItem","position":2,"name":"Fen\u00eatres BOIS"}]},{"@type":"WebSite","@id":"https:\/\/fenetresdumont.fr\/#website","url":"https:\/\/fenetresdumont.fr\/","name":"Fen&ecirc;tres du Mont","description":"","potentialAction":[{"@type":"SearchAction","target":{"@type":"EntryPoint","urlTemplate":"https:\/\/fenetresdumont.fr\/?s={search_term_string}"},"query-input":{"@type":"PropertyValueSpecification","valueRequired":true,"valueName":"search_term_string"}}],"inLanguage":"fr-FR"}]}},"_links":{"self":[{"href":"https:\/\/fenetresdumont.fr\/index.php\/wp-json\/wp\/v2\/pages\/697","targetHints":{"allow":["GET"]}}],"collection":[{"href":"https:\/\/fenetresdumont.fr\/index.php\/wp-json\/wp\/v2\/pages"}],"about":[{"href":"https:\/\/fenetresdumont.fr\/index.php\/wp-json\/wp\/v2\/types\/page"}],"author":[{"embeddable":true,"href":"https:\/\/fenetresdumont.fr\/index.php\/wp-json\/wp\/v2\/users\/1"}],"replies":[{"embeddable":true,"href":"https:\/\/fenetresdumont.fr\/index.php\/wp-json\/wp\/v2\/comments?post=697"}],"version-history":[{"count":7,"href":"https:\/\/fenetresdumont.fr\/index.php\/wp-json\/wp\/v2\/pages\/697\/revisions"}],"predecessor-version":[{"id":708,"href":"https:\/\/fenetresdumont.fr\/index.php\/wp-json\/wp\/v2\/pages\/697\/revisions\/708"}],"wp:featuredmedia":[{"embeddable":true,"href":"https:\/\/fenetresdumont.fr\/index.php\/wp-json\/wp\/v2\/media\/698"}],"wp:attachment":[{"href":"https:\/\/fenetresdumont.fr\/index.php\/wp-json\/wp\/v2\/media?parent=697"}],"curies":[{"name":"wp","href":"https:\/\/api.w.org\/{rel}","templated":true}]}}